{"id":10,"date":"2023-03-31T16:37:33","date_gmt":"2023-03-31T09:37:33","guid":{"rendered":"https:\/\/ngocduyenbeauty.com\/?page_id=10"},"modified":"2023-04-03T20:56:56","modified_gmt":"2023-04-03T13:56:56","slug":"gioi-thieu","status":"publish","type":"page","link":"https:\/\/ngocduyenbeauty.com\/index.php\/gioi-thieu\/","title":{"rendered":"Gi\u1edbi thi\u1ec7u"},"content":{"rendered":"\n<p><strong>Ng\u1ecdc Duy\u00ean Beauty<\/strong> v\u1edbi h\u01a1n 20 n\u0103m kinh nghi\u1ec7m v\u00e0 li\u00ean t\u1ee5c c\u1eadp nh\u1eadt c\u00f4ng ngh\u1ec7 l\u00e0m \u0111\u1eb9p m\u1edbi nh\u1ea5t hi\u1ec7n nay.<\/p>\n\n\n\n<p>\u0110\u00e3 ng\u00e0y c\u00e0ng nh\u1eadn \u0111\u01b0\u1ee3c s\u1ef1 tin t\u01b0\u1edfng, y\u00eau qu\u00fd c\u1ee7a kh\u00e1ch h\u00e0ng trong v\u00e0 ngo\u00e0i n\u01b0\u1edbc, l\u00e0 m\u1ed9t trong nh\u1eefng th\u01b0\u01a1ng hi\u1ec7u \u0111\u01b0\u1ee3c kh\u00e1ch h\u00e0ng tin t\u01b0\u1edfng trong l\u0129nh v\u1ef1c <strong>Phun X\u0103m Th\u1ea9m M\u1ef9.<\/strong><\/p>\n\n\n\n<p><strong>Ng\u1ecdc Duy\u00ean Beauty<\/strong> chuy\u00ean l\u00e0m \u0111\u1eb9p cho Qu\u00fd Kh\u00e1ch v\u1edbi nh\u1eefng d\u1ecbch v\u1ee5 nh\u01b0 sau:<\/p>\n\n\n\n<ul class=\"wp-block-list\">\n<li>Makeup c\u00f4 d\u00e2u, \u0111i ti\u1ec7c<\/li>\n\n\n\n<li>Phun x\u0103m th\u1ea9m m\u1ef9, m\u00e0y, m\u00f4i, m\u00ed<\/li>\n\n\n\n<li>\u0110i\u00eau kh\u1eafc ch\u00e2n m\u00e0y phong th\u1ee7y<\/li>\n\n\n\n<li>Nh\u1eadn d\u1ea1y trang \u0111i\u1ec3m chuy\u00ean nghi\u1ec7p<\/li>\n\n\n\n<li>Nh\u1eadn d\u1ea1y trang \u0111i\u1ec3m c\u00e1 nh\u00e2n<\/li>\n\n\n\n<li>Nh\u1eadn d\u1ea1y phun x\u0103m th\u1ea9m m\u1ef9<\/li>\n\n\n\n<li>X\u00f3a h\u00ecnh x\u0103m b\u1eb1ng m\u00e1y Laser<\/li>\n<\/ul>\n","protected":false},"excerpt":{"rendered":"<p>Ng\u1ecdc Duy\u00ean Beauty v\u1edbi h\u01a1n 20 n\u0103m kinh nghi\u1ec7m v\u00e0 li\u00ean t\u1ee5c c\u1eadp nh\u1eadt c\u00f4ng ngh\u1ec7 l\u00e0m \u0111\u1eb9p m\u1edbi nh\u1ea5t hi\u1ec7n nay. \u0110\u00e3 ng\u00e0y c\u00e0ng nh\u1eadn \u0111\u01b0\u1ee3c s\u1ef1 tin t\u01b0\u1edfng, y\u00eau qu\u00fd c\u1ee7a kh\u00e1ch h\u00e0ng trong v\u00e0 ngo\u00e0i n\u01b0\u1edbc, l\u00e0 m\u1ed9t trong nh\u1eefng th\u01b0\u01a1ng hi\u1ec7u \u0111\u01b0\u1ee3c kh\u00e1ch h\u00e0ng tin t\u01b0\u1edfng trong l\u0129nh v\u1ef1c Phun X\u0103m [&hellip;]<\/p>\n","protected":false},"author":1,"featured_media":0,"parent":0,"menu_order":0,"comment_status":"closed","ping_status":"closed","template":"","meta":{"_monsterinsights_skip_tracking":false,"_monsterinsights_sitenote_active":false,"_monsterinsights_sitenote_note":"","_monsterinsights_sitenote_category":0,"footnotes":""},"class_list":["post-10","page","type-page","status-publish","hentry"],"aioseo_notices":[],"_links":{"self":[{"href":"https:\/\/ngocduyenbeauty.com\/index.php\/wp-json\/wp\/v2\/pages\/10","targetHints":{"allow":["GET"]}}],"collection":[{"href":"https:\/\/ngocduyenbeauty.com\/index.php\/wp-json\/wp\/v2\/pages"}],"about":[{"href":"https:\/\/ngocduyenbeauty.com\/index.php\/wp-json\/wp\/v2\/types\/page"}],"author":[{"embeddable":true,"href":"https:\/\/ngocduyenbeauty.com\/index.php\/wp-json\/wp\/v2\/users\/1"}],"replies":[{"embeddable":true,"href":"https:\/\/ngocduyenbeauty.com\/index.php\/wp-json\/wp\/v2\/comments?post=10"}],"version-history":[{"count":2,"href":"https:\/\/ngocduyenbeauty.com\/index.php\/wp-json\/wp\/v2\/pages\/10\/revisions"}],"predecessor-version":[{"id":28,"href":"https:\/\/ngocduyenbeauty.com\/index.php\/wp-json\/wp\/v2\/pages\/10\/revisions\/28"}],"wp:attachment":[{"href":"https:\/\/ngocduyenbeauty.com\/index.php\/wp-json\/wp\/v2\/media?parent=10"}],"curies":[{"name":"wp","href":"https:\/\/api.w.org\/{rel}","templated":true}]}}